{"id":65,"date":"2025-12-26T20:54:34","date_gmt":"2025-12-26T20:54:34","guid":{"rendered":"https:\/\/webhosting-4you.com\/?page_id=65"},"modified":"2025-12-27T01:04:44","modified_gmt":"2025-12-27T01:04:44","slug":"webhosting","status":"publish","type":"page","link":"https:\/\/webhosting-4you.com\/?page_id=65","title":{"rendered":"Webhosting"},"content":{"rendered":"<div class=\"\" style=\"\" >\n    \n    <section class=\"u-border-2 u-border-no-left u-border-no-right u-border-no-top u-border-palette-2-base u-clearfix u-image u-section-2\" id=\"block-1\" data-image-width=\"1280\" data-image-height=\"448\" style=\"background-image: url(&quot;https:\/\/webhosting-4you.com\/wp-content\/uploads\/2025\/12\/ba6d9bdf7593f171ab9c784b11d3dd3109277250148ac4495128d40592a71a4c31067c3c12e1e8046c1ecdf0e65708bd737b92ea3a1e559044eb37_1280.jpg&quot;);\">\n      <div class=\"u-clearfix u-sheet u-valign-middle-xl u-sheet-1\">\n        <h3 class=\"u-text u-text-body-alt-color u-text-default u-text-1\">Webhosting (KeyHelp)<\/h3>\n      <\/div>\n    <\/section>\n    <section class=\"u-align-center u-clearfix u-container-align-center u-grey-80 u-section-3\" id=\"block-2\">\n      <div class=\"u-clearfix u-sheet u-valign-middle-lg u-valign-middle-md u-valign-middle-sm u-valign-middle-xs u-sheet-1\">\n        <div class=\"u-clearfix u-custom-html u-expanded-width u-custom-html-1\">\n          <iframe loading=\"lazy\" src=\"https:\/\/webhosting-4you.com\/zkm\/webhosting.php\" width=\"100%\" height=\"560\" frameborder=\"0\">Browser not compatible.<\/iframe>\n        <\/div>\n      <\/div>\n    <\/section>\n    <section class=\"u-align-center u-clearfix u-container-align-center u-grey-80 u-section-4\" id=\"block-4\">\n      <div class=\"u-clearfix u-sheet u-valign-middle-lg u-valign-middle-md u-valign-middle-sm u-valign-middle-xs u-sheet-1\">\n        <h2 class=\"u-text u-text-1\">Fakten &amp; Fragen<\/h2>\n        <p class=\"u-text u-text-2\">Beispieltext. Klicken Sie, um das Textfeld auszuw\u00e4hlen. Klicken Sie erneut oder doppelklicken Sie, um mit der Textbearbeitung zu beginnen.<\/p>\n        <div class=\"u-accordion u-expanded-width u-faq u-spacing-10 u-accordion-1\" role=\"tablist\">\n          <div class=\"u-accordion-item\">\n            <a class=\"active u-accordion-link u-active-grey-70 u-button-style u-grey-70 u-hover-grey-75 u-accordion-link-1\" id=\"link-accordion-f600\" aria-controls=\"accordion-f600\" aria-selected=\"true\" role=\"tab\"><span class=\"u-accordion-link-text\"> Was beinhaltet Hosting?<\/span><span class=\"u-accordion-link-icon u-icon u-text-grey-50 u-icon-1\"><svg class=\"u-svg-link\" preserveAspectRatio=\"xMidYMin slice\" viewBox=\"0 0 448 448\" style=\"\"><use xmlns:xlink=\"http:\/\/www.w3.org\/1999\/xlink\" xlink:href=\"#svg-3ae2\"><\/use><\/svg><svg class=\"u-svg-content\" viewBox=\"0 0 448 448\" id=\"svg-3ae2\" style=\"\"><path d=\"m272 184c-4.417969 0-8-3.582031-8-8v-176h-80v176c0 4.417969-3.582031 8-8 8h-176v80h176c4.417969 0 8 3.582031 8 8v176h80v-176c0-4.417969 3.582031-8 8-8h176v-80zm0 0\"><\/path><\/svg><\/span>\n            <\/a>\n            <div class=\"u-accordion-active u-accordion-pane u-container-style u-grey-80 u-accordion-pane-1\" id=\"accordion-f600\" aria-labelledby=\"link-accordion-f600\" role=\"tabpanel\">\n              <div class=\"u-container-layout u-container-layout-1\">\n                <div class=\"fr-view u-clearfix u-rich-text u-text\">\n                  <p class=\"skrollable\" id=\"isPasted\">Unter dem Begriff Server-Hosting versteht man alle Anwendungen und Dienstleistungen, die f\u00fcr den Betrieb einer Onlinepr\u00e4senz erforderlich sind. Dies umfasst Webhosting, E-Mail-Dienste, Datenbanken und andere serverbasierte Funktionen, die f\u00fcr den Betrieb einer Website oder Webanwendung notwendig sind. In der Regel werden dabei Server-Ressourcen im sogenannten Shared Hosting genutzt, bei dem sich mehrere Kunden eine physische Server-Infrastruktur teilen.<\/p>\n                  <p class=\"skrollable\">Durch diese Form des Hostings wird es m\u00f6glich, eine Webseite kosteng\u00fcnstig zu betreiben, da die Kosten f\u00fcr die Serverwartung und -pflege auf mehrere Nutzer verteilt werden. Ein wesentlicher Vorteil des Shared Hostings ist, dass Unternehmen oder Privatpersonen keine eigene teure Infrastruktur aufbauen m\u00fcssen, um eine Website online zu stellen. Allerdings hat diese Art des Hostings auch Einschr\u00e4nkungen, vor allem in Bezug auf die Kontrolle \u00fcber den Server und die Performance, da die Ressourcen mit anderen Nutzern geteilt werden.<\/p>\n                  <p class=\"skrollable\">F\u00fcr gr\u00f6\u00dfere Websites oder spezifische Anforderungen bieten viele Anbieter auch Alternativen wie Virtual Private Server (VPS) oder dediziertes Hosting an, bei denen der Nutzer mehr Kontrolle und bessere Leistung erwarten kann. Trotzdem bleibt Shared Hosting f\u00fcr viele kleine Unternehmen und private Websites eine beliebte Wahl aufgrund der einfachen Handhabung und der geringen Kosten.\u201c<\/p>\n                  <p class=\"skrollable\">Dieser erweiterte Text gibt einen umfassenderen \u00dcberblick \u00fcber die verschiedenen Arten des Server-Hostings und die Vor- und Nachteile des Shared Hostings.<\/p>\n                <\/div>\n              <\/div>\n            <\/div>\n          <\/div>\n          <div class=\"u-accordion-item\">\n            <a class=\"u-accordion-link u-active-grey-70 u-button-style u-grey-70 u-hover-grey-75 u-accordion-link-2\" id=\"link-accordion-72f4\" aria-controls=\"accordion-72f4\" aria-selected=\"false\" role=\"tab\"><span class=\"u-accordion-link-text\">Welche Dateitypen erhalte ich?<\/span><span class=\"u-accordion-link-icon u-icon u-text-grey-50 u-icon-2\"><svg class=\"u-svg-link\" preserveAspectRatio=\"xMidYMin slice\" viewBox=\"0 0 448 448\" style=\"\"><use xmlns:xlink=\"http:\/\/www.w3.org\/1999\/xlink\" xlink:href=\"#svg-05a3\"><\/use><\/svg><svg class=\"u-svg-content\" viewBox=\"0 0 448 448\" id=\"svg-05a3\" style=\"\"><path d=\"m272 184c-4.417969 0-8-3.582031-8-8v-176h-80v176c0 4.417969-3.582031 8-8 8h-176v80h176c4.417969 0 8 3.582031 8 8v176h80v-176c0-4.417969 3.582031-8 8-8h176v-80zm0 0\"><\/path><\/svg><\/span>\n            <\/a>\n            <div class=\"u-accordion-pane u-container-style u-grey-80 u-accordion-pane-2\" id=\"accordion-72f4\" aria-labelledby=\"link-accordion-72f4\" role=\"tabpanel\">\n              <div class=\"u-container-layout u-container-layout-2\">\n                <div class=\"u-clearfix u-rich-text u-text\">\n                  <p>Answer. Lorem ipsum dolor sit amet, consectetur adipiscing elit. Curabitur id suscipit ex. Suspendisse rhoncus laoreet purus quis elementum. Phasellus sed efficitur dolor, et ultricies sapien. Quisque fringilla sit amet dolor commodo efficitur. Aliquam et sem odio. In ullamcorper nisi nunc, et molestie ipsum iaculis sit amet.<\/p>\n                <\/div>\n              <\/div>\n            <\/div>\n          <\/div>\n          <div class=\"u-accordion-item\">\n            <a class=\"u-accordion-link u-active-grey-70 u-button-style u-grey-70 u-hover-grey-75 u-accordion-link-3\" id=\"link-accordion-854e\" aria-controls=\"accordion-854e\" aria-selected=\"false\" role=\"tab\"><span class=\"u-accordion-link-text\">Wie erhalte ich zuk\u00fcnftige Updates?<\/span><span class=\"u-accordion-link-icon u-icon u-text-grey-50 u-icon-3\"><svg class=\"u-svg-link\" preserveAspectRatio=\"xMidYMin slice\" viewBox=\"0 0 448 448\" style=\"\"><use xmlns:xlink=\"http:\/\/www.w3.org\/1999\/xlink\" xlink:href=\"#svg-4a3a\"><\/use><\/svg><svg class=\"u-svg-content\" viewBox=\"0 0 448 448\" id=\"svg-4a3a\" style=\"\"><path d=\"m272 184c-4.417969 0-8-3.582031-8-8v-176h-80v176c0 4.417969-3.582031 8-8 8h-176v80h176c4.417969 0 8 3.582031 8 8v176h80v-176c0-4.417969 3.582031-8 8-8h176v-80zm0 0\"><\/path><\/svg><\/span>\n            <\/a>\n            <div class=\"u-accordion-pane u-container-style u-grey-80 u-accordion-pane-3\" id=\"accordion-854e\" aria-labelledby=\"link-accordion-854e\" role=\"tabpanel\">\n              <div class=\"u-container-layout u-container-layout-3\">\n                <div class=\"u-clearfix u-rich-text u-text\">\n                  <p>Answer. Lorem ipsum dolor sit amet, consectetur adipiscing elit. Curabitur id suscipit ex. Suspendisse rhoncus laoreet purus quis elementum. Phasellus sed efficitur dolor, et ultricies sapien. Quisque fringilla sit amet dolor commodo efficitur. Aliquam et sem odio. In ullamcorper nisi nunc, et molestie ipsum iaculis sit amet.<\/p>\n                <\/div>\n              <\/div>\n            <\/div>\n          <\/div>\n        <\/div>\n      <\/div>\n    <\/section>\n    \n    \n    \n    \n  \n<\/div>","protected":false},"excerpt":{"rendered":"<p>Webhosting (KeyHelp) Browser not compatible. Fakten &amp; Fragen Beispieltext. Klicken Sie, um das Textfeld auszuw\u00e4hlen. Klicken Sie erneut oder doppelklicken Sie, um mit der Textbearbeitung zu beginnen. Was beinhaltet Hosting? Unter dem Begriff Server-Hosting versteht man alle Anwendungen und Dienstleistungen, die f\u00fcr den Betrieb einer Onlinepr\u00e4senz erforderlich sind. Dies umfasst Webhosting, E-Mail-Dienste, Datenbanken und andere [&hellip;]<\/p>\n","protected":false},"author":1,"featured_media":0,"parent":0,"menu_order":0,"comment_status":"closed","ping_status":"closed","template":"","meta":{"footnotes":""},"class_list":["post-65","page","type-page","status-publish","hentry"],"_links":{"self":[{"href":"https:\/\/webhosting-4you.com\/index.php?rest_route=\/wp\/v2\/pages\/65","targetHints":{"allow":["GET"]}}],"collection":[{"href":"https:\/\/webhosting-4you.com\/index.php?rest_route=\/wp\/v2\/pages"}],"about":[{"href":"https:\/\/webhosting-4you.com\/index.php?rest_route=\/wp\/v2\/types\/page"}],"author":[{"embeddable":true,"href":"https:\/\/webhosting-4you.com\/index.php?rest_route=\/wp\/v2\/users\/1"}],"replies":[{"embeddable":true,"href":"https:\/\/webhosting-4you.com\/index.php?rest_route=%2Fwp%2Fv2%2Fcomments&post=65"}],"version-history":[{"count":8,"href":"https:\/\/webhosting-4you.com\/index.php?rest_route=\/wp\/v2\/pages\/65\/revisions"}],"predecessor-version":[{"id":79,"href":"https:\/\/webhosting-4you.com\/index.php?rest_route=\/wp\/v2\/pages\/65\/revisions\/79"}],"wp:attachment":[{"href":"https:\/\/webhosting-4you.com\/index.php?rest_route=%2Fwp%2Fv2%2Fmedia&parent=65"}],"curies":[{"name":"wp","href":"https:\/\/api.w.org\/{rel}","templated":true}]}}